{"id":4424,"date":"2021-03-23T23:19:56","date_gmt":"2021-03-23T20:19:56","guid":{"rendered":"https:\/\/www.morriemarr.com\/?post_type=product&#038;p=4424"},"modified":"2021-03-23T23:19:56","modified_gmt":"2021-03-23T20:19:56","slug":"book-two","status":"publish","type":"product","link":"https:\/\/www.morriemarr.com\/?product=book-two","title":{"rendered":"Book Two"},"content":{"rendered":"<p>\u00dc\u00e7 B\u00fcy\u00fck; Facebook, Youtube ve LinkedIn algoritmalar\u0131n\u0131n nas\u0131l \u00e7al\u0131\u015ft\u0131\u011f\u0131n\u0131 anlat\u0131r. Morrie Marr&#8217;\u0131n m\u00fc\u015fterilerinin faydalanmas\u0131 amac\u0131yla haz\u0131rlanm\u0131\u015ft\u0131r.<\/p>\n<p>Big 3; tells about how to work Facebook, Youtube and LinkedIn algorithms. Prepared for Morrie Marr&#8217;s clients&#8217; in order to their benefits.<\/p>\n","protected":false},"excerpt":{"rendered":"<p>\u00dc\u00e7 B\u00fcy\u00fck; Facebook, Youtube ve LinkedIn algoritmalar\u0131n\u0131n nas\u0131l \u00e7al\u0131\u015ft\u0131\u011f\u0131n\u0131 anlat\u0131r. Morrie Marr&#8217;\u0131n m\u00fc\u015fterilerinin faydalanmas\u0131 amac\u0131yla haz\u0131rlanm\u0131\u015ft\u0131r. Big 3; tells about how to work Facebook, Youtube and LinkedIn algorithms. Prepared for Morrie Marr&#8217;s clients&#8217; in order to their benefits.<\/p>\n","protected":false},"featured_media":4425,"comment_status":"open","ping_status":"closed","template":"","meta":[],"product_cat":[66],"product_tag":[65],"class_list":{"0":"post-4424","1":"product","2":"type-product","3":"status-publish","4":"has-post-thumbnail","6":"product_cat-books","7":"product_tag-books","9":"first","10":"instock","11":"shipping-taxable","12":"product-type-simple"},"yoast_head":"<!-- This site is optimized with the Yoast SEO plugin v21.5 - https:\/\/yoast.com\/wordpress\/plugins\/seo\/ -->\n<title>Book Two -<\/title>\n<meta name=\"robots\" content=\"index, follow, max-snippet:-1, max-image-preview:large, max-video-preview:-1\" \/>\n<link rel=\"canonical\" href=\"https:\/\/www.morriemarr.com\/?product=book-two\" \/>\n<meta property=\"og:locale\" content=\"en_US\" \/>\n<meta property=\"og:type\" content=\"article\" \/>\n<meta property=\"og:title\" content=\"Book Two -\" \/>\n<meta property=\"og:description\" content=\"\u00dc\u00e7 B\u00fcy\u00fck; Facebook, Youtube ve LinkedIn algoritmalar\u0131n\u0131n nas\u0131l \u00e7al\u0131\u015ft\u0131\u011f\u0131n\u0131 anlat\u0131r. Morrie Marr&#8217;\u0131n m\u00fc\u015fterilerinin faydalanmas\u0131 amac\u0131yla haz\u0131rlanm\u0131\u015ft\u0131r. Big 3; tells about how to work Facebook, Youtube and LinkedIn algorithms. Prepared for Morrie Marr&#8217;s clients&#8217; in order to their benefits.\" \/>\n<meta property=\"og:url\" content=\"https:\/\/www.morriemarr.com\/?product=book-two\" \/>\n<meta property=\"og:image\" content=\"https:\/\/www.morriemarr.com\/wp-content\/uploads\/2021\/03\/book-2.jpg\" \/>\n\t<meta property=\"og:image:width\" content=\"1200\" \/>\n\t<meta property=\"og:image:height\" content=\"1200\" \/>\n\t<meta property=\"og:image:type\" content=\"image\/jpeg\" \/>\n<meta name=\"twitter:card\" content=\"summary_large_image\" \/>\n<script type=\"application\/ld+json\" class=\"yoast-schema-graph\">{\"@context\":\"https:\/\/schema.org\",\"@graph\":[{\"@type\":\"WebPage\",\"@id\":\"https:\/\/www.morriemarr.com\/?product=book-two\",\"url\":\"https:\/\/www.morriemarr.com\/?product=book-two\",\"name\":\"Book Two -\",\"isPartOf\":{\"@id\":\"https:\/\/www.morriemarr.com\/#website\"},\"datePublished\":\"2021-03-23T20:19:56+00:00\",\"dateModified\":\"2021-03-23T20:19:56+00:00\",\"breadcrumb\":{\"@id\":\"https:\/\/www.morriemarr.com\/?product=book-two#breadcrumb\"},\"inLanguage\":\"en-US\",\"potentialAction\":[{\"@type\":\"ReadAction\",\"target\":[\"https:\/\/www.morriemarr.com\/?product=book-two\"]}]},{\"@type\":\"BreadcrumbList\",\"@id\":\"https:\/\/www.morriemarr.com\/?product=book-two#breadcrumb\",\"itemListElement\":[{\"@type\":\"ListItem\",\"position\":1,\"name\":\"Ana sayfa\",\"item\":\"https:\/\/www.morriemarr.com\/\"},{\"@type\":\"ListItem\",\"position\":2,\"name\":\"Shop\",\"item\":\"https:\/\/www.morriemarr.com\/?page_id=8\"},{\"@type\":\"ListItem\",\"position\":3,\"name\":\"Book Two\"}]},{\"@type\":\"WebSite\",\"@id\":\"https:\/\/www.morriemarr.com\/#website\",\"url\":\"https:\/\/www.morriemarr.com\/\",\"name\":\"\",\"description\":\"\",\"potentialAction\":[{\"@type\":\"SearchAction\",\"target\":{\"@type\":\"EntryPoint\",\"urlTemplate\":\"https:\/\/www.morriemarr.com\/?s={search_term_string}\"},\"query-input\":\"required name=search_term_string\"}],\"inLanguage\":\"en-US\"}]}<\/script>\n<!-- \/ Yoast SEO plugin. -->","yoast_head_json":{"title":"Book Two -","robots":{"index":"index","follow":"follow","max-snippet":"max-snippet:-1","max-image-preview":"max-image-preview:large","max-video-preview":"max-video-preview:-1"},"canonical":"https:\/\/www.morriemarr.com\/?product=book-two","og_locale":"en_US","og_type":"article","og_title":"Book Two -","og_description":"\u00dc\u00e7 B\u00fcy\u00fck; Facebook, Youtube ve LinkedIn algoritmalar\u0131n\u0131n nas\u0131l \u00e7al\u0131\u015ft\u0131\u011f\u0131n\u0131 anlat\u0131r. Morrie Marr&#8217;\u0131n m\u00fc\u015fterilerinin faydalanmas\u0131 amac\u0131yla haz\u0131rlanm\u0131\u015ft\u0131r. Big 3; tells about how to work Facebook, Youtube and LinkedIn algorithms. Prepared for Morrie Marr&#8217;s clients&#8217; in order to their benefits.","og_url":"https:\/\/www.morriemarr.com\/?product=book-two","og_image":[{"width":1200,"height":1200,"url":"https:\/\/www.morriemarr.com\/wp-content\/uploads\/2021\/03\/book-2.jpg","type":"image\/jpeg"}],"twitter_card":"summary_large_image","schema":{"@context":"https:\/\/schema.org","@graph":[{"@type":"WebPage","@id":"https:\/\/www.morriemarr.com\/?product=book-two","url":"https:\/\/www.morriemarr.com\/?product=book-two","name":"Book Two -","isPartOf":{"@id":"https:\/\/www.morriemarr.com\/#website"},"datePublished":"2021-03-23T20:19:56+00:00","dateModified":"2021-03-23T20:19:56+00:00","breadcrumb":{"@id":"https:\/\/www.morriemarr.com\/?product=book-two#breadcrumb"},"inLanguage":"en-US","potentialAction":[{"@type":"ReadAction","target":["https:\/\/www.morriemarr.com\/?product=book-two"]}]},{"@type":"BreadcrumbList","@id":"https:\/\/www.morriemarr.com\/?product=book-two#breadcrumb","itemListElement":[{"@type":"ListItem","position":1,"name":"Ana sayfa","item":"https:\/\/www.morriemarr.com\/"},{"@type":"ListItem","position":2,"name":"Shop","item":"https:\/\/www.morriemarr.com\/?page_id=8"},{"@type":"ListItem","position":3,"name":"Book Two"}]},{"@type":"WebSite","@id":"https:\/\/www.morriemarr.com\/#website","url":"https:\/\/www.morriemarr.com\/","name":"","description":"","potentialAction":[{"@type":"SearchAction","target":{"@type":"EntryPoint","urlTemplate":"https:\/\/www.morriemarr.com\/?s={search_term_string}"},"query-input":"required name=search_term_string"}],"inLanguage":"en-US"}]}},"_links":{"self":[{"href":"https:\/\/www.morriemarr.com\/index.php?rest_route=\/wp\/v2\/product\/4424","targetHints":{"allow":["GET"]}}],"collection":[{"href":"https:\/\/www.morriemarr.com\/index.php?rest_route=\/wp\/v2\/product"}],"about":[{"href":"https:\/\/www.morriemarr.com\/index.php?rest_route=\/wp\/v2\/types\/product"}],"replies":[{"embeddable":true,"href":"https:\/\/www.morriemarr.com\/index.php?rest_route=%2Fwp%2Fv2%2Fcomments&post=4424"}],"wp:featuredmedia":[{"embeddable":true,"href":"https:\/\/www.morriemarr.com\/index.php?rest_route=\/wp\/v2\/media\/4425"}],"wp:attachment":[{"href":"https:\/\/www.morriemarr.com\/index.php?rest_route=%2Fwp%2Fv2%2Fmedia&parent=4424"}],"wp:term":[{"taxonomy":"product_cat","embeddable":true,"href":"https:\/\/www.morriemarr.com\/index.php?rest_route=%2Fwp%2Fv2%2Fproduct_cat&post=4424"},{"taxonomy":"product_tag","embeddable":true,"href":"https:\/\/www.morriemarr.com\/index.php?rest_route=%2Fwp%2Fv2%2Fproduct_tag&post=4424"}],"curies":[{"name":"wp","href":"https:\/\/api.w.org\/{rel}","templated":true}]}}